{"id":1079,"date":"2017-10-27T09:30:46","date_gmt":"2017-10-27T13:30:46","guid":{"rendered":"http:\/\/localhost:8888\/letko\/?page_id=1079"},"modified":"2026-02-25T16:01:24","modified_gmt":"2026-02-25T21:01:24","slug":"clients-prives","status":"publish","type":"page","link":"https:\/\/www.lba.ca\/fr\/clients-prives\/","title":{"rendered":"Gestion Priv\u00e9e"},"content":{"rendered":"","protected":false},"excerpt":{"rendered":"<p> [&#8230;]<\/p>\n<p><a class=\"btn btn-secondary understrap-read-more-link\" href=\"https:\/\/www.lba.ca\/fr\/clients-prives\/\">Lire la suite&#8230;<\/a><\/p>\n","protected":false},"author":3,"featured_media":0,"parent":0,"menu_order":0,"comment_status":"closed","ping_status":"closed","template":"page-templates\/investor-private-template.php","meta":{"_acf_changed":false,"_et_pb_use_builder":"","_et_pb_old_content":"","_et_gb_content_width":"","footnotes":""},"class_list":["post-1079","page","type-page","status-publish","hentry"],"acf":[],"yoast_head":"<!-- This site is optimized with the Yoast SEO plugin v27.3 - https:\/\/yoast.com\/product\/yoast-seo-wordpress\/ -->\n<title>Private Wealth Management | Letko Brosseau - Global Investment Management<\/title>\n<meta name=\"description\" content=\"Notre \u00e9quipe s\u2019engage \u00e0 bien comprendre vos objectifs de placement uniques et \u00e0 vous offrir des services de gestion priv\u00e9e de portefeuilles.\" \/>\n<meta name=\"robots\" content=\"index, follow, max-snippet:-1, max-image-preview:large, max-video-preview:-1\" \/>\n<link rel=\"canonical\" href=\"https:\/\/www.lba.ca\/fr\/clients-prives\/\" \/>\n<meta property=\"og:locale\" content=\"fr_FR\" \/>\n<meta property=\"og:type\" content=\"article\" \/>\n<meta property=\"og:title\" content=\"Private Wealth Management | Letko Brosseau - Global Investment Management\" \/>\n<meta property=\"og:description\" content=\"Notre \u00e9quipe s\u2019engage \u00e0 bien comprendre vos objectifs de placement uniques et \u00e0 vous offrir des services de gestion priv\u00e9e de portefeuilles.\" \/>\n<meta property=\"og:url\" content=\"https:\/\/www.lba.ca\/fr\/clients-prives\/\" \/>\n<meta property=\"og:site_name\" content=\"Letko, Brosseau &amp; Associ\u00e9s\" \/>\n<meta property=\"article:modified_time\" content=\"2026-02-25T21:01:24+00:00\" \/>\n<meta name=\"twitter:card\" content=\"summary_large_image\" \/>\n<script type=\"application\/ld+json\" class=\"yoast-schema-graph\">{\"@context\":\"https:\\\/\\\/schema.org\",\"@graph\":[{\"@type\":\"WebPage\",\"@id\":\"https:\\\/\\\/www.lba.ca\\\/fr\\\/clients-prives\\\/\",\"url\":\"https:\\\/\\\/www.lba.ca\\\/fr\\\/clients-prives\\\/\",\"name\":\"Private Wealth Management | Letko Brosseau - Global Investment Management\",\"isPartOf\":{\"@id\":\"https:\\\/\\\/www.lba.ca\\\/#website\"},\"datePublished\":\"2017-10-27T13:30:46+00:00\",\"dateModified\":\"2026-02-25T21:01:24+00:00\",\"description\":\"Notre \u00e9quipe s\u2019engage \u00e0 bien comprendre vos objectifs de placement uniques et \u00e0 vous offrir des services de gestion priv\u00e9e de portefeuilles.\",\"breadcrumb\":{\"@id\":\"https:\\\/\\\/www.lba.ca\\\/fr\\\/clients-prives\\\/#breadcrumb\"},\"inLanguage\":\"fr-FR\",\"potentialAction\":[{\"@type\":\"ReadAction\",\"target\":[\"https:\\\/\\\/www.lba.ca\\\/fr\\\/clients-prives\\\/\"]}]},{\"@type\":\"BreadcrumbList\",\"@id\":\"https:\\\/\\\/www.lba.ca\\\/fr\\\/clients-prives\\\/#breadcrumb\",\"itemListElement\":[{\"@type\":\"ListItem\",\"position\":1,\"name\":\"Home\",\"item\":\"https:\\\/\\\/www.lba.ca\\\/fr\\\/\"},{\"@type\":\"ListItem\",\"position\":2,\"name\":\"Gestion Priv\u00e9e\"}]},{\"@type\":\"WebSite\",\"@id\":\"https:\\\/\\\/www.lba.ca\\\/#website\",\"url\":\"https:\\\/\\\/www.lba.ca\\\/\",\"name\":\"Letko, Brosseau &amp; Associ\u00e9s\",\"description\":\"Letko, Brosseau &amp; Associ\u00e9s\",\"potentialAction\":[{\"@type\":\"SearchAction\",\"target\":{\"@type\":\"EntryPoint\",\"urlTemplate\":\"https:\\\/\\\/www.lba.ca\\\/?s={search_term_string}\"},\"query-input\":{\"@type\":\"PropertyValueSpecification\",\"valueRequired\":true,\"valueName\":\"search_term_string\"}}],\"inLanguage\":\"fr-FR\"}]}<\/script>\n<!-- \/ Yoast SEO plugin. -->","yoast_head_json":{"title":"Private Wealth Management | Letko Brosseau - Global Investment Management","description":"Notre \u00e9quipe s\u2019engage \u00e0 bien comprendre vos objectifs de placement uniques et \u00e0 vous offrir des services de gestion priv\u00e9e de portefeuilles.","robots":{"index":"index","follow":"follow","max-snippet":"max-snippet:-1","max-image-preview":"max-image-preview:large","max-video-preview":"max-video-preview:-1"},"canonical":"https:\/\/www.lba.ca\/fr\/clients-prives\/","og_locale":"fr_FR","og_type":"article","og_title":"Private Wealth Management | Letko Brosseau - Global Investment Management","og_description":"Notre \u00e9quipe s\u2019engage \u00e0 bien comprendre vos objectifs de placement uniques et \u00e0 vous offrir des services de gestion priv\u00e9e de portefeuilles.","og_url":"https:\/\/www.lba.ca\/fr\/clients-prives\/","og_site_name":"Letko, Brosseau &amp; Associ\u00e9s","article_modified_time":"2026-02-25T21:01:24+00:00","twitter_card":"summary_large_image","schema":{"@context":"https:\/\/schema.org","@graph":[{"@type":"WebPage","@id":"https:\/\/www.lba.ca\/fr\/clients-prives\/","url":"https:\/\/www.lba.ca\/fr\/clients-prives\/","name":"Private Wealth Management | Letko Brosseau - Global Investment Management","isPartOf":{"@id":"https:\/\/www.lba.ca\/#website"},"datePublished":"2017-10-27T13:30:46+00:00","dateModified":"2026-02-25T21:01:24+00:00","description":"Notre \u00e9quipe s\u2019engage \u00e0 bien comprendre vos objectifs de placement uniques et \u00e0 vous offrir des services de gestion priv\u00e9e de portefeuilles.","breadcrumb":{"@id":"https:\/\/www.lba.ca\/fr\/clients-prives\/#breadcrumb"},"inLanguage":"fr-FR","potentialAction":[{"@type":"ReadAction","target":["https:\/\/www.lba.ca\/fr\/clients-prives\/"]}]},{"@type":"BreadcrumbList","@id":"https:\/\/www.lba.ca\/fr\/clients-prives\/#breadcrumb","itemListElement":[{"@type":"ListItem","position":1,"name":"Home","item":"https:\/\/www.lba.ca\/fr\/"},{"@type":"ListItem","position":2,"name":"Gestion Priv\u00e9e"}]},{"@type":"WebSite","@id":"https:\/\/www.lba.ca\/#website","url":"https:\/\/www.lba.ca\/","name":"Letko, Brosseau &amp; Associ\u00e9s","description":"Letko, Brosseau &amp; Associ\u00e9s","potentialAction":[{"@type":"SearchAction","target":{"@type":"EntryPoint","urlTemplate":"https:\/\/www.lba.ca\/?s={search_term_string}"},"query-input":{"@type":"PropertyValueSpecification","valueRequired":true,"valueName":"search_term_string"}}],"inLanguage":"fr-FR"}]}},"_links":{"self":[{"href":"https:\/\/www.lba.ca\/fr\/wp-json\/wp\/v2\/pages\/1079","targetHints":{"allow":["GET"]}}],"collection":[{"href":"https:\/\/www.lba.ca\/fr\/wp-json\/wp\/v2\/pages"}],"about":[{"href":"https:\/\/www.lba.ca\/fr\/wp-json\/wp\/v2\/types\/page"}],"author":[{"embeddable":true,"href":"https:\/\/www.lba.ca\/fr\/wp-json\/wp\/v2\/users\/3"}],"replies":[{"embeddable":true,"href":"https:\/\/www.lba.ca\/fr\/wp-json\/wp\/v2\/comments?post=1079"}],"version-history":[{"count":60,"href":"https:\/\/www.lba.ca\/fr\/wp-json\/wp\/v2\/pages\/1079\/revisions"}],"predecessor-version":[{"id":15077,"href":"https:\/\/www.lba.ca\/fr\/wp-json\/wp\/v2\/pages\/1079\/revisions\/15077"}],"wp:attachment":[{"href":"https:\/\/www.lba.ca\/fr\/wp-json\/wp\/v2\/media?parent=1079"}],"curies":[{"name":"wp","href":"https:\/\/api.w.org\/{rel}","templated":true}]}}