{"id":1075,"date":"2017-10-27T09:29:58","date_gmt":"2017-10-27T13:29:58","guid":{"rendered":"http:\/\/localhost:8888\/letko\/?page_id=1075"},"modified":"2026-02-25T16:01:44","modified_gmt":"2026-02-25T21:01:44","slug":"investisseurs-institutionnels","status":"publish","type":"page","link":"https:\/\/www.lba.ca\/fr\/investisseurs-institutionnels\/","title":{"rendered":"Investisseurs Institutionnels"},"content":{"rendered":"","protected":false},"excerpt":{"rendered":"<p> [&#8230;]<\/p>\n<p><a class=\"btn btn-secondary understrap-read-more-link\" href=\"https:\/\/www.lba.ca\/fr\/investisseurs-institutionnels\/\">Lire la suite&#8230;<\/a><\/p>\n","protected":false},"author":3,"featured_media":0,"parent":0,"menu_order":0,"comment_status":"closed","ping_status":"closed","template":"page-templates\/investor-institutional-template.php","meta":{"_acf_changed":false,"_et_pb_use_builder":"","_et_pb_old_content":"","_et_gb_content_width":"","footnotes":""},"class_list":["post-1075","page","type-page","status-publish","hentry"],"acf":[],"yoast_head":"<!-- This site is optimized with the Yoast SEO plugin v27.3 - https:\/\/yoast.com\/product\/yoast-seo-wordpress\/ -->\n<title>Institutional Portfolio Management | Letko Brosseau - Global Investment Management<\/title>\n<meta name=\"description\" content=\"Nous offrons des services de gestion de placement \u00e0 divers types de soci\u00e9t\u00e9s, fonds publics, fonds de dotation d\u2019h\u00f4pitaux et d\u2019universit\u00e9s, fondations et investisseurs institutionnels.\" \/>\n<meta name=\"robots\" content=\"index, follow, max-snippet:-1, max-image-preview:large, max-video-preview:-1\" \/>\n<link rel=\"canonical\" href=\"https:\/\/www.lba.ca\/fr\/investisseurs-institutionnels\/\" \/>\n<meta property=\"og:locale\" content=\"fr_FR\" \/>\n<meta property=\"og:type\" content=\"article\" \/>\n<meta property=\"og:title\" content=\"Institutional Portfolio Management | Letko Brosseau - Global Investment Management\" \/>\n<meta property=\"og:description\" content=\"Nous offrons des services de gestion de placement \u00e0 divers types de soci\u00e9t\u00e9s, fonds publics, fonds de dotation d\u2019h\u00f4pitaux et d\u2019universit\u00e9s, fondations et investisseurs institutionnels.\" \/>\n<meta property=\"og:url\" content=\"https:\/\/www.lba.ca\/fr\/investisseurs-institutionnels\/\" \/>\n<meta property=\"og:site_name\" content=\"Letko, Brosseau &amp; Associ\u00e9s\" \/>\n<meta property=\"article:modified_time\" content=\"2026-02-25T21:01:44+00:00\" \/>\n<meta name=\"twitter:card\" content=\"summary_large_image\" \/>\n<script type=\"application\/ld+json\" class=\"yoast-schema-graph\">{\"@context\":\"https:\\\/\\\/schema.org\",\"@graph\":[{\"@type\":\"WebPage\",\"@id\":\"https:\\\/\\\/www.lba.ca\\\/fr\\\/investisseurs-institutionnels\\\/\",\"url\":\"https:\\\/\\\/www.lba.ca\\\/fr\\\/investisseurs-institutionnels\\\/\",\"name\":\"Institutional Portfolio Management | Letko Brosseau - Global Investment Management\",\"isPartOf\":{\"@id\":\"https:\\\/\\\/www.lba.ca\\\/#website\"},\"datePublished\":\"2017-10-27T13:29:58+00:00\",\"dateModified\":\"2026-02-25T21:01:44+00:00\",\"description\":\"Nous offrons des services de gestion de placement \u00e0 divers types de soci\u00e9t\u00e9s, fonds publics, fonds de dotation d\u2019h\u00f4pitaux et d\u2019universit\u00e9s, fondations et investisseurs institutionnels.\",\"breadcrumb\":{\"@id\":\"https:\\\/\\\/www.lba.ca\\\/fr\\\/investisseurs-institutionnels\\\/#breadcrumb\"},\"inLanguage\":\"fr-FR\",\"potentialAction\":[{\"@type\":\"ReadAction\",\"target\":[\"https:\\\/\\\/www.lba.ca\\\/fr\\\/investisseurs-institutionnels\\\/\"]}]},{\"@type\":\"BreadcrumbList\",\"@id\":\"https:\\\/\\\/www.lba.ca\\\/fr\\\/investisseurs-institutionnels\\\/#breadcrumb\",\"itemListElement\":[{\"@type\":\"ListItem\",\"position\":1,\"name\":\"Home\",\"item\":\"https:\\\/\\\/www.lba.ca\\\/fr\\\/\"},{\"@type\":\"ListItem\",\"position\":2,\"name\":\"Investisseurs Institutionnels\"}]},{\"@type\":\"WebSite\",\"@id\":\"https:\\\/\\\/www.lba.ca\\\/#website\",\"url\":\"https:\\\/\\\/www.lba.ca\\\/\",\"name\":\"Letko, Brosseau &amp; Associ\u00e9s\",\"description\":\"Letko, Brosseau &amp; Associ\u00e9s\",\"potentialAction\":[{\"@type\":\"SearchAction\",\"target\":{\"@type\":\"EntryPoint\",\"urlTemplate\":\"https:\\\/\\\/www.lba.ca\\\/?s={search_term_string}\"},\"query-input\":{\"@type\":\"PropertyValueSpecification\",\"valueRequired\":true,\"valueName\":\"search_term_string\"}}],\"inLanguage\":\"fr-FR\"}]}<\/script>\n<!-- \/ Yoast SEO plugin. -->","yoast_head_json":{"title":"Institutional Portfolio Management | Letko Brosseau - Global Investment Management","description":"Nous offrons des services de gestion de placement \u00e0 divers types de soci\u00e9t\u00e9s, fonds publics, fonds de dotation d\u2019h\u00f4pitaux et d\u2019universit\u00e9s, fondations et investisseurs institutionnels.","robots":{"index":"index","follow":"follow","max-snippet":"max-snippet:-1","max-image-preview":"max-image-preview:large","max-video-preview":"max-video-preview:-1"},"canonical":"https:\/\/www.lba.ca\/fr\/investisseurs-institutionnels\/","og_locale":"fr_FR","og_type":"article","og_title":"Institutional Portfolio Management | Letko Brosseau - Global Investment Management","og_description":"Nous offrons des services de gestion de placement \u00e0 divers types de soci\u00e9t\u00e9s, fonds publics, fonds de dotation d\u2019h\u00f4pitaux et d\u2019universit\u00e9s, fondations et investisseurs institutionnels.","og_url":"https:\/\/www.lba.ca\/fr\/investisseurs-institutionnels\/","og_site_name":"Letko, Brosseau &amp; Associ\u00e9s","article_modified_time":"2026-02-25T21:01:44+00:00","twitter_card":"summary_large_image","schema":{"@context":"https:\/\/schema.org","@graph":[{"@type":"WebPage","@id":"https:\/\/www.lba.ca\/fr\/investisseurs-institutionnels\/","url":"https:\/\/www.lba.ca\/fr\/investisseurs-institutionnels\/","name":"Institutional Portfolio Management | Letko Brosseau - Global Investment Management","isPartOf":{"@id":"https:\/\/www.lba.ca\/#website"},"datePublished":"2017-10-27T13:29:58+00:00","dateModified":"2026-02-25T21:01:44+00:00","description":"Nous offrons des services de gestion de placement \u00e0 divers types de soci\u00e9t\u00e9s, fonds publics, fonds de dotation d\u2019h\u00f4pitaux et d\u2019universit\u00e9s, fondations et investisseurs institutionnels.","breadcrumb":{"@id":"https:\/\/www.lba.ca\/fr\/investisseurs-institutionnels\/#breadcrumb"},"inLanguage":"fr-FR","potentialAction":[{"@type":"ReadAction","target":["https:\/\/www.lba.ca\/fr\/investisseurs-institutionnels\/"]}]},{"@type":"BreadcrumbList","@id":"https:\/\/www.lba.ca\/fr\/investisseurs-institutionnels\/#breadcrumb","itemListElement":[{"@type":"ListItem","position":1,"name":"Home","item":"https:\/\/www.lba.ca\/fr\/"},{"@type":"ListItem","position":2,"name":"Investisseurs Institutionnels"}]},{"@type":"WebSite","@id":"https:\/\/www.lba.ca\/#website","url":"https:\/\/www.lba.ca\/","name":"Letko, Brosseau &amp; Associ\u00e9s","description":"Letko, Brosseau &amp; Associ\u00e9s","potentialAction":[{"@type":"SearchAction","target":{"@type":"EntryPoint","urlTemplate":"https:\/\/www.lba.ca\/?s={search_term_string}"},"query-input":{"@type":"PropertyValueSpecification","valueRequired":true,"valueName":"search_term_string"}}],"inLanguage":"fr-FR"}]}},"_links":{"self":[{"href":"https:\/\/www.lba.ca\/fr\/wp-json\/wp\/v2\/pages\/1075","targetHints":{"allow":["GET"]}}],"collection":[{"href":"https:\/\/www.lba.ca\/fr\/wp-json\/wp\/v2\/pages"}],"about":[{"href":"https:\/\/www.lba.ca\/fr\/wp-json\/wp\/v2\/types\/page"}],"author":[{"embeddable":true,"href":"https:\/\/www.lba.ca\/fr\/wp-json\/wp\/v2\/users\/3"}],"replies":[{"embeddable":true,"href":"https:\/\/www.lba.ca\/fr\/wp-json\/wp\/v2\/comments?post=1075"}],"version-history":[{"count":57,"href":"https:\/\/www.lba.ca\/fr\/wp-json\/wp\/v2\/pages\/1075\/revisions"}],"predecessor-version":[{"id":15078,"href":"https:\/\/www.lba.ca\/fr\/wp-json\/wp\/v2\/pages\/1075\/revisions\/15078"}],"wp:attachment":[{"href":"https:\/\/www.lba.ca\/fr\/wp-json\/wp\/v2\/media?parent=1075"}],"curies":[{"name":"wp","href":"https:\/\/api.w.org\/{rel}","templated":true}]}}