{"id":1067,"date":"2017-10-27T09:26:38","date_gmt":"2017-10-27T13:26:38","guid":{"rendered":"http:\/\/localhost:8888\/letko\/?page_id=1067"},"modified":"2026-02-23T11:07:41","modified_gmt":"2026-02-23T16:07:41","slug":"philosophie-dinvestissement","status":"publish","type":"page","link":"https:\/\/www.lba.ca\/fr\/philosophie-dinvestissement\/","title":{"rendered":"Philosophie d&rsquo;investissement"},"content":{"rendered":"","protected":false},"excerpt":{"rendered":"<p> [&#8230;]<\/p>\n<p><a class=\"btn btn-secondary understrap-read-more-link\" href=\"https:\/\/www.lba.ca\/fr\/philosophie-dinvestissement\/\">Lire la suite&#8230;<\/a><\/p>\n","protected":false},"author":3,"featured_media":0,"parent":0,"menu_order":0,"comment_status":"closed","ping_status":"closed","template":"page-templates\/investment-philosophy-template.php","meta":{"_acf_changed":false,"_et_pb_use_builder":"","_et_pb_old_content":"","_et_gb_content_width":"","footnotes":""},"class_list":["post-1067","page","type-page","status-publish","hentry"],"acf":[],"yoast_head":"<!-- This site is optimized with the Yoast SEO plugin v27.3 - https:\/\/yoast.com\/product\/yoast-seo-wordpress\/ -->\n<title>Investment Approach | Letko Brosseau - Global Investment Management<\/title>\n<meta name=\"description\" content=\"L\u2019approche fondamentale ax\u00e9e sur les entreprises de Letko Brosseau explique sa r\u00e9ussite dans le monde des placements. Notre \u00e9quipe de gestion des placements \u00e9value l\u2019\u00e9conomie mondiale et acquiert une bonne compr\u00e9hension des secteurs et des soci\u00e9t\u00e9s dont elle assure le suivi.\" \/>\n<meta name=\"robots\" content=\"index, follow, max-snippet:-1, max-image-preview:large, max-video-preview:-1\" \/>\n<link rel=\"canonical\" href=\"https:\/\/www.lba.ca\/fr\/philosophie-dinvestissement\/\" \/>\n<meta property=\"og:locale\" content=\"fr_FR\" \/>\n<meta property=\"og:type\" content=\"article\" \/>\n<meta property=\"og:title\" content=\"Investment Approach | Letko Brosseau - Global Investment Management\" \/>\n<meta property=\"og:description\" content=\"L\u2019approche fondamentale ax\u00e9e sur les entreprises de Letko Brosseau explique sa r\u00e9ussite dans le monde des placements. Notre \u00e9quipe de gestion des placements \u00e9value l\u2019\u00e9conomie mondiale et acquiert une bonne compr\u00e9hension des secteurs et des soci\u00e9t\u00e9s dont elle assure le suivi.\" \/>\n<meta property=\"og:url\" content=\"https:\/\/www.lba.ca\/fr\/philosophie-dinvestissement\/\" \/>\n<meta property=\"og:site_name\" content=\"Letko, Brosseau &amp; Associ\u00e9s\" \/>\n<meta property=\"article:modified_time\" content=\"2026-02-23T16:07:41+00:00\" \/>\n<meta name=\"twitter:card\" content=\"summary_large_image\" \/>\n<script type=\"application\/ld+json\" class=\"yoast-schema-graph\">{\"@context\":\"https:\\\/\\\/schema.org\",\"@graph\":[{\"@type\":\"WebPage\",\"@id\":\"https:\\\/\\\/www.lba.ca\\\/fr\\\/philosophie-dinvestissement\\\/\",\"url\":\"https:\\\/\\\/www.lba.ca\\\/fr\\\/philosophie-dinvestissement\\\/\",\"name\":\"Investment Approach | Letko Brosseau - Global Investment Management\",\"isPartOf\":{\"@id\":\"https:\\\/\\\/www.lba.ca\\\/#website\"},\"datePublished\":\"2017-10-27T13:26:38+00:00\",\"dateModified\":\"2026-02-23T16:07:41+00:00\",\"description\":\"L\u2019approche fondamentale ax\u00e9e sur les entreprises de Letko Brosseau explique sa r\u00e9ussite dans le monde des placements. Notre \u00e9quipe de gestion des placements \u00e9value l\u2019\u00e9conomie mondiale et acquiert une bonne compr\u00e9hension des secteurs et des soci\u00e9t\u00e9s dont elle assure le suivi.\",\"breadcrumb\":{\"@id\":\"https:\\\/\\\/www.lba.ca\\\/fr\\\/philosophie-dinvestissement\\\/#breadcrumb\"},\"inLanguage\":\"fr-FR\",\"potentialAction\":[{\"@type\":\"ReadAction\",\"target\":[\"https:\\\/\\\/www.lba.ca\\\/fr\\\/philosophie-dinvestissement\\\/\"]}]},{\"@type\":\"BreadcrumbList\",\"@id\":\"https:\\\/\\\/www.lba.ca\\\/fr\\\/philosophie-dinvestissement\\\/#breadcrumb\",\"itemListElement\":[{\"@type\":\"ListItem\",\"position\":1,\"name\":\"Home\",\"item\":\"https:\\\/\\\/www.lba.ca\\\/fr\\\/\"},{\"@type\":\"ListItem\",\"position\":2,\"name\":\"Philosophie d&#8217;investissement\"}]},{\"@type\":\"WebSite\",\"@id\":\"https:\\\/\\\/www.lba.ca\\\/#website\",\"url\":\"https:\\\/\\\/www.lba.ca\\\/\",\"name\":\"Letko, Brosseau &amp; Associ\u00e9s\",\"description\":\"Letko, Brosseau &amp; Associ\u00e9s\",\"potentialAction\":[{\"@type\":\"SearchAction\",\"target\":{\"@type\":\"EntryPoint\",\"urlTemplate\":\"https:\\\/\\\/www.lba.ca\\\/?s={search_term_string}\"},\"query-input\":{\"@type\":\"PropertyValueSpecification\",\"valueRequired\":true,\"valueName\":\"search_term_string\"}}],\"inLanguage\":\"fr-FR\"}]}<\/script>\n<!-- \/ Yoast SEO plugin. -->","yoast_head_json":{"title":"Investment Approach | Letko Brosseau - Global Investment Management","description":"L\u2019approche fondamentale ax\u00e9e sur les entreprises de Letko Brosseau explique sa r\u00e9ussite dans le monde des placements. Notre \u00e9quipe de gestion des placements \u00e9value l\u2019\u00e9conomie mondiale et acquiert une bonne compr\u00e9hension des secteurs et des soci\u00e9t\u00e9s dont elle assure le suivi.","robots":{"index":"index","follow":"follow","max-snippet":"max-snippet:-1","max-image-preview":"max-image-preview:large","max-video-preview":"max-video-preview:-1"},"canonical":"https:\/\/www.lba.ca\/fr\/philosophie-dinvestissement\/","og_locale":"fr_FR","og_type":"article","og_title":"Investment Approach | Letko Brosseau - Global Investment Management","og_description":"L\u2019approche fondamentale ax\u00e9e sur les entreprises de Letko Brosseau explique sa r\u00e9ussite dans le monde des placements. Notre \u00e9quipe de gestion des placements \u00e9value l\u2019\u00e9conomie mondiale et acquiert une bonne compr\u00e9hension des secteurs et des soci\u00e9t\u00e9s dont elle assure le suivi.","og_url":"https:\/\/www.lba.ca\/fr\/philosophie-dinvestissement\/","og_site_name":"Letko, Brosseau &amp; Associ\u00e9s","article_modified_time":"2026-02-23T16:07:41+00:00","twitter_card":"summary_large_image","schema":{"@context":"https:\/\/schema.org","@graph":[{"@type":"WebPage","@id":"https:\/\/www.lba.ca\/fr\/philosophie-dinvestissement\/","url":"https:\/\/www.lba.ca\/fr\/philosophie-dinvestissement\/","name":"Investment Approach | Letko Brosseau - Global Investment Management","isPartOf":{"@id":"https:\/\/www.lba.ca\/#website"},"datePublished":"2017-10-27T13:26:38+00:00","dateModified":"2026-02-23T16:07:41+00:00","description":"L\u2019approche fondamentale ax\u00e9e sur les entreprises de Letko Brosseau explique sa r\u00e9ussite dans le monde des placements. Notre \u00e9quipe de gestion des placements \u00e9value l\u2019\u00e9conomie mondiale et acquiert une bonne compr\u00e9hension des secteurs et des soci\u00e9t\u00e9s dont elle assure le suivi.","breadcrumb":{"@id":"https:\/\/www.lba.ca\/fr\/philosophie-dinvestissement\/#breadcrumb"},"inLanguage":"fr-FR","potentialAction":[{"@type":"ReadAction","target":["https:\/\/www.lba.ca\/fr\/philosophie-dinvestissement\/"]}]},{"@type":"BreadcrumbList","@id":"https:\/\/www.lba.ca\/fr\/philosophie-dinvestissement\/#breadcrumb","itemListElement":[{"@type":"ListItem","position":1,"name":"Home","item":"https:\/\/www.lba.ca\/fr\/"},{"@type":"ListItem","position":2,"name":"Philosophie d&#8217;investissement"}]},{"@type":"WebSite","@id":"https:\/\/www.lba.ca\/#website","url":"https:\/\/www.lba.ca\/","name":"Letko, Brosseau &amp; Associ\u00e9s","description":"Letko, Brosseau &amp; Associ\u00e9s","potentialAction":[{"@type":"SearchAction","target":{"@type":"EntryPoint","urlTemplate":"https:\/\/www.lba.ca\/?s={search_term_string}"},"query-input":{"@type":"PropertyValueSpecification","valueRequired":true,"valueName":"search_term_string"}}],"inLanguage":"fr-FR"}]}},"_links":{"self":[{"href":"https:\/\/www.lba.ca\/fr\/wp-json\/wp\/v2\/pages\/1067","targetHints":{"allow":["GET"]}}],"collection":[{"href":"https:\/\/www.lba.ca\/fr\/wp-json\/wp\/v2\/pages"}],"about":[{"href":"https:\/\/www.lba.ca\/fr\/wp-json\/wp\/v2\/types\/page"}],"author":[{"embeddable":true,"href":"https:\/\/www.lba.ca\/fr\/wp-json\/wp\/v2\/users\/3"}],"replies":[{"embeddable":true,"href":"https:\/\/www.lba.ca\/fr\/wp-json\/wp\/v2\/comments?post=1067"}],"version-history":[{"count":41,"href":"https:\/\/www.lba.ca\/fr\/wp-json\/wp\/v2\/pages\/1067\/revisions"}],"predecessor-version":[{"id":15026,"href":"https:\/\/www.lba.ca\/fr\/wp-json\/wp\/v2\/pages\/1067\/revisions\/15026"}],"wp:attachment":[{"href":"https:\/\/www.lba.ca\/fr\/wp-json\/wp\/v2\/media?parent=1067"}],"curies":[{"name":"wp","href":"https:\/\/api.w.org\/{rel}","templated":true}]}}