{"id":1055,"date":"2017-10-27T07:47:58","date_gmt":"2017-10-27T11:47:58","guid":{"rendered":"http:\/\/localhost:8888\/letko\/?page_id=1055"},"modified":"2025-12-18T14:32:04","modified_gmt":"2025-12-18T19:32:04","slug":"a-propos","status":"publish","type":"page","link":"https:\/\/www.lba.ca\/fr\/a-propos\/","title":{"rendered":"\u00c0 propos"},"content":{"rendered":"","protected":false},"excerpt":{"rendered":"<p> [&#8230;]<\/p>\n<p><a class=\"btn btn-secondary understrap-read-more-link\" href=\"https:\/\/www.lba.ca\/fr\/a-propos\/\">Lire la suite&#8230;<\/a><\/p>\n","protected":false},"author":3,"featured_media":0,"parent":0,"menu_order":0,"comment_status":"closed","ping_status":"closed","template":"page-templates\/about-template.php","meta":{"_acf_changed":false,"_et_pb_use_builder":"","_et_pb_old_content":"","_et_gb_content_width":"","footnotes":""},"class_list":["post-1055","page","type-page","status-publish","hentry"],"acf":[],"yoast_head":"<!-- This site is optimized with the Yoast SEO plugin v27.3 - https:\/\/yoast.com\/product\/yoast-seo-wordpress\/ -->\n<title>About | Letko Brosseau - Global Investment Management<\/title>\n<meta name=\"description\" content=\"Nous agissons toujours dans l\u2019int\u00e9r\u00eat des clients. Nous cherchons \u00e0 d\u00e9passer leurs objectifs de placement et \u00e0 leur offrir un excellent service. La gestion des placements est notre seul secteur d\u2019activit\u00e9.\" \/>\n<meta name=\"robots\" content=\"index, follow, max-snippet:-1, max-image-preview:large, max-video-preview:-1\" \/>\n<link rel=\"canonical\" href=\"https:\/\/www.lba.ca\/fr\/a-propos\/\" \/>\n<meta property=\"og:locale\" content=\"fr_FR\" \/>\n<meta property=\"og:type\" content=\"article\" \/>\n<meta property=\"og:title\" content=\"About | Letko Brosseau - Global Investment Management\" \/>\n<meta property=\"og:description\" content=\"Nous agissons toujours dans l\u2019int\u00e9r\u00eat des clients. Nous cherchons \u00e0 d\u00e9passer leurs objectifs de placement et \u00e0 leur offrir un excellent service. La gestion des placements est notre seul secteur d\u2019activit\u00e9.\" \/>\n<meta property=\"og:url\" content=\"https:\/\/www.lba.ca\/fr\/a-propos\/\" \/>\n<meta property=\"og:site_name\" content=\"Letko, Brosseau &amp; Associ\u00e9s\" \/>\n<meta property=\"article:modified_time\" content=\"2025-12-18T19:32:04+00:00\" \/>\n<meta name=\"twitter:card\" content=\"summary_large_image\" \/>\n<script type=\"application\/ld+json\" class=\"yoast-schema-graph\">{\"@context\":\"https:\\\/\\\/schema.org\",\"@graph\":[{\"@type\":\"WebPage\",\"@id\":\"https:\\\/\\\/www.lba.ca\\\/fr\\\/a-propos\\\/\",\"url\":\"https:\\\/\\\/www.lba.ca\\\/fr\\\/a-propos\\\/\",\"name\":\"About | Letko Brosseau - Global Investment Management\",\"isPartOf\":{\"@id\":\"https:\\\/\\\/www.lba.ca\\\/#website\"},\"datePublished\":\"2017-10-27T11:47:58+00:00\",\"dateModified\":\"2025-12-18T19:32:04+00:00\",\"description\":\"Nous agissons toujours dans l\u2019int\u00e9r\u00eat des clients. Nous cherchons \u00e0 d\u00e9passer leurs objectifs de placement et \u00e0 leur offrir un excellent service. La gestion des placements est notre seul secteur d\u2019activit\u00e9.\",\"breadcrumb\":{\"@id\":\"https:\\\/\\\/www.lba.ca\\\/fr\\\/a-propos\\\/#breadcrumb\"},\"inLanguage\":\"fr-FR\",\"potentialAction\":[{\"@type\":\"ReadAction\",\"target\":[\"https:\\\/\\\/www.lba.ca\\\/fr\\\/a-propos\\\/\"]}]},{\"@type\":\"BreadcrumbList\",\"@id\":\"https:\\\/\\\/www.lba.ca\\\/fr\\\/a-propos\\\/#breadcrumb\",\"itemListElement\":[{\"@type\":\"ListItem\",\"position\":1,\"name\":\"Home\",\"item\":\"https:\\\/\\\/www.lba.ca\\\/fr\\\/\"},{\"@type\":\"ListItem\",\"position\":2,\"name\":\"\u00c0 propos\"}]},{\"@type\":\"WebSite\",\"@id\":\"https:\\\/\\\/www.lba.ca\\\/#website\",\"url\":\"https:\\\/\\\/www.lba.ca\\\/\",\"name\":\"Letko, Brosseau &amp; Associ\u00e9s\",\"description\":\"Letko, Brosseau &amp; Associ\u00e9s\",\"potentialAction\":[{\"@type\":\"SearchAction\",\"target\":{\"@type\":\"EntryPoint\",\"urlTemplate\":\"https:\\\/\\\/www.lba.ca\\\/?s={search_term_string}\"},\"query-input\":{\"@type\":\"PropertyValueSpecification\",\"valueRequired\":true,\"valueName\":\"search_term_string\"}}],\"inLanguage\":\"fr-FR\"}]}<\/script>\n<!-- \/ Yoast SEO plugin. -->","yoast_head_json":{"title":"About | Letko Brosseau - Global Investment Management","description":"Nous agissons toujours dans l\u2019int\u00e9r\u00eat des clients. Nous cherchons \u00e0 d\u00e9passer leurs objectifs de placement et \u00e0 leur offrir un excellent service. La gestion des placements est notre seul secteur d\u2019activit\u00e9.","robots":{"index":"index","follow":"follow","max-snippet":"max-snippet:-1","max-image-preview":"max-image-preview:large","max-video-preview":"max-video-preview:-1"},"canonical":"https:\/\/www.lba.ca\/fr\/a-propos\/","og_locale":"fr_FR","og_type":"article","og_title":"About | Letko Brosseau - Global Investment Management","og_description":"Nous agissons toujours dans l\u2019int\u00e9r\u00eat des clients. Nous cherchons \u00e0 d\u00e9passer leurs objectifs de placement et \u00e0 leur offrir un excellent service. La gestion des placements est notre seul secteur d\u2019activit\u00e9.","og_url":"https:\/\/www.lba.ca\/fr\/a-propos\/","og_site_name":"Letko, Brosseau &amp; Associ\u00e9s","article_modified_time":"2025-12-18T19:32:04+00:00","twitter_card":"summary_large_image","schema":{"@context":"https:\/\/schema.org","@graph":[{"@type":"WebPage","@id":"https:\/\/www.lba.ca\/fr\/a-propos\/","url":"https:\/\/www.lba.ca\/fr\/a-propos\/","name":"About | Letko Brosseau - Global Investment Management","isPartOf":{"@id":"https:\/\/www.lba.ca\/#website"},"datePublished":"2017-10-27T11:47:58+00:00","dateModified":"2025-12-18T19:32:04+00:00","description":"Nous agissons toujours dans l\u2019int\u00e9r\u00eat des clients. Nous cherchons \u00e0 d\u00e9passer leurs objectifs de placement et \u00e0 leur offrir un excellent service. La gestion des placements est notre seul secteur d\u2019activit\u00e9.","breadcrumb":{"@id":"https:\/\/www.lba.ca\/fr\/a-propos\/#breadcrumb"},"inLanguage":"fr-FR","potentialAction":[{"@type":"ReadAction","target":["https:\/\/www.lba.ca\/fr\/a-propos\/"]}]},{"@type":"BreadcrumbList","@id":"https:\/\/www.lba.ca\/fr\/a-propos\/#breadcrumb","itemListElement":[{"@type":"ListItem","position":1,"name":"Home","item":"https:\/\/www.lba.ca\/fr\/"},{"@type":"ListItem","position":2,"name":"\u00c0 propos"}]},{"@type":"WebSite","@id":"https:\/\/www.lba.ca\/#website","url":"https:\/\/www.lba.ca\/","name":"Letko, Brosseau &amp; Associ\u00e9s","description":"Letko, Brosseau &amp; Associ\u00e9s","potentialAction":[{"@type":"SearchAction","target":{"@type":"EntryPoint","urlTemplate":"https:\/\/www.lba.ca\/?s={search_term_string}"},"query-input":{"@type":"PropertyValueSpecification","valueRequired":true,"valueName":"search_term_string"}}],"inLanguage":"fr-FR"}]}},"_links":{"self":[{"href":"https:\/\/www.lba.ca\/fr\/wp-json\/wp\/v2\/pages\/1055","targetHints":{"allow":["GET"]}}],"collection":[{"href":"https:\/\/www.lba.ca\/fr\/wp-json\/wp\/v2\/pages"}],"about":[{"href":"https:\/\/www.lba.ca\/fr\/wp-json\/wp\/v2\/types\/page"}],"author":[{"embeddable":true,"href":"https:\/\/www.lba.ca\/fr\/wp-json\/wp\/v2\/users\/3"}],"replies":[{"embeddable":true,"href":"https:\/\/www.lba.ca\/fr\/wp-json\/wp\/v2\/comments?post=1055"}],"version-history":[{"count":102,"href":"https:\/\/www.lba.ca\/fr\/wp-json\/wp\/v2\/pages\/1055\/revisions"}],"predecessor-version":[{"id":14848,"href":"https:\/\/www.lba.ca\/fr\/wp-json\/wp\/v2\/pages\/1055\/revisions\/14848"}],"wp:attachment":[{"href":"https:\/\/www.lba.ca\/fr\/wp-json\/wp\/v2\/media?parent=1055"}],"curies":[{"name":"wp","href":"https:\/\/api.w.org\/{rel}","templated":true}]}}